{"id":570,"date":"2018-10-01T13:10:24","date_gmt":"2018-10-01T13:10:24","guid":{"rendered":"https:\/\/www.kebapcitalha.com.tr\/index.php\/menu\/"},"modified":"2026-03-01T07:24:08","modified_gmt":"2026-03-01T07:24:08","slug":"menu","status":"publish","type":"page","link":"https:\/\/www.kebapcitalha.com.tr\/index.php\/menu\/","title":{"rendered":"\u00c7orbalar"},"content":{"rendered":"\t\t<div data-elementor-type=\"wp-post\" data-elementor-id=\"570\" class=\"elementor elementor-570\">\n\t\t\t\t<div class=\"elementor-element elementor-element-f07c8cf e-flex e-con-boxed e-con e-parent\" data-id=\"f07c8cf\" data-element_type=\"container\" data-e-type=\"container\" data-settings=\"{&quot;background_background&quot;:&quot;classic&quot;,&quot;shape_divider_bottom&quot;:&quot;triangle&quot;}\">\n\t\t\t\t\t<div class=\"e-con-inner\">\n\t\t\t\t<div class=\"elementor-shape elementor-shape-bottom\" aria-hidden=\"true\" data-negative=\"false\">\n\t\t\t<svg xmlns=\"http:\/\/www.w3.org\/2000\/svg\" viewBox=\"0 0 1000 100\" preserveAspectRatio=\"none\">\n\t<path class=\"elementor-shape-fill\" d=\"M500,98.9L0,6.1V0h1000v6.1L500,98.9z\"\/>\n<\/svg>\t\t<\/div>\n\t\t<div class=\"elementor-element elementor-element-6330140 e-con-full e-flex e-con e-child\" data-id=\"6330140\" data-element_type=\"container\" data-e-type=\"container\">\n\t\t\t\t<\/div>\n\t\t<div class=\"elementor-element elementor-element-838a5a2 e-con-full e-flex e-con e-child\" data-id=\"838a5a2\" data-element_type=\"container\" data-e-type=\"container\">\n\t\t\t\t<div class=\"elementor-element elementor-element-00dd8dc elementor-widget elementor-widget-image\" data-id=\"00dd8dc\" data-element_type=\"widget\" data-e-type=\"widget\" data-widget_type=\"image.default\">\n\t\t\t\t<div class=\"elementor-widget-container\">\n\t\t\t\t\t\t\t\t\t\t\t\t\t\t\t<img decoding=\"async\" width=\"200\" height=\"35\" src=\"https:\/\/www.kebapcitalha.com.tr\/wp-content\/uploads\/2024\/01\/divider-free-img-1-3.png\" class=\"attachment-full size-full wp-image-1909\" alt=\"\" \/>\t\t\t\t\t\t\t\t\t\t\t\t\t\t\t<\/div>\n\t\t\t\t<\/div>\n\t\t\t\t<div class=\"elementor-element elementor-element-5352cda elementor-invisible elementor-widget elementor-widget-heading\" data-id=\"5352cda\" data-element_type=\"widget\" data-e-type=\"widget\" data-settings=\"{&quot;_animation&quot;:&quot;fadeInDown&quot;}\" data-widget_type=\"heading.default\">\n\t\t\t\t<div class=\"elementor-widget-container\">\n\t\t\t\t\t<h3 class=\"elementor-heading-title elementor-size-default\">Muhte\u015fem Lezzetler<\/h3>\t\t\t\t<\/div>\n\t\t\t\t<\/div>\n\t\t\t\t<div class=\"elementor-element elementor-element-1d00749 elementor-invisible elementor-widget elementor-widget-heading\" data-id=\"1d00749\" data-element_type=\"widget\" data-e-type=\"widget\" data-settings=\"{&quot;_animation&quot;:&quot;fadeInUp&quot;,&quot;_animation_delay&quot;:200}\" data-widget_type=\"heading.default\">\n\t\t\t\t<div class=\"elementor-widget-container\">\n\t\t\t\t\t<h1 class=\"elementor-heading-title elementor-size-default\">Men\u00fc<\/h1>\t\t\t\t<\/div>\n\t\t\t\t<\/div>\n\t\t\t\t<div class=\"elementor-element elementor-element-0f7a128 elementor-hidden-phone elementor-invisible elementor-widget elementor-widget-text-editor\" data-id=\"0f7a128\" data-element_type=\"widget\" data-e-type=\"widget\" data-settings=\"{&quot;_animation&quot;:&quot;fadeInUp&quot;,&quot;_animation_delay&quot;:400}\" data-widget_type=\"text-editor.default\">\n\t\t\t\t<div class=\"elementor-widget-container\">\n\t\t\t\t\t\t\t\t\t<p>T\u00fcm et \u00fcr\u00fcnlerimiz her biri kendi alan\u0131nda uzman ve profesyonel \u015feflerimiz taraf\u0131ndan \u00f6zenle i\u015flenerek servis edilmektedir.\u00a0 Yemeklerimize lezzet katan b\u00fct\u00fcn \u00fcr\u00fcnlerin mutlaka en y\u00fcksek kalitede ve do\u011fall\u0131kta olmas\u0131na dikkat ediyoruz. Bu y\u00fczden servis etti\u011fimiz men\u00fcler i\u00e7in her zaman en taze, en kaliteli ve en lezzetli \u00fcr\u00fcnlerle birlikte en iyi hammaddeleri titizlikle se\u00e7iyoruz.<\/p>\t\t\t\t\t\t\t\t<\/div>\n\t\t\t\t<\/div>\n\t\t\t\t<\/div>\n\t\t<div class=\"elementor-element elementor-element-41b234a e-con-full e-flex e-con e-child\" data-id=\"41b234a\" data-element_type=\"container\" data-e-type=\"container\">\n\t\t\t\t<\/div>\n\t\t\t\t\t<\/div>\n\t\t\t\t<\/div>\n\t\t<div class=\"elementor-element elementor-element-aba5795 e-flex e-con-boxed e-con e-parent\" data-id=\"aba5795\" data-element_type=\"container\" data-e-type=\"container\">\n\t\t\t\t\t<div class=\"e-con-inner\">\n\t\t<div class=\"elementor-element elementor-element-3977c5e e-con-full e-flex e-con e-child\" data-id=\"3977c5e\" data-element_type=\"container\" data-e-type=\"container\">\n\t\t<div class=\"elementor-element elementor-element-5951679 e-flex e-con-boxed e-con e-child\" data-id=\"5951679\" data-element_type=\"container\" data-e-type=\"container\">\n\t\t\t\t\t<div class=\"e-con-inner\">\n\t\t<div class=\"elementor-element elementor-element-99580bf e-con-full e-flex e-con e-child\" data-id=\"99580bf\" data-element_type=\"container\" data-e-type=\"container\">\n\t\t\t\t<\/div>\n\t\t<div class=\"elementor-element elementor-element-5b11573 e-con-full e-flex e-con e-child\" data-id=\"5b11573\" data-element_type=\"container\" data-e-type=\"container\">\n\t\t\t\t<div class=\"elementor-element elementor-element-bf5db9c elementor-widget elementor-widget-heading\" data-id=\"bf5db9c\" data-element_type=\"widget\" data-e-type=\"widget\" data-widget_type=\"heading.default\">\n\t\t\t\t<div class=\"elementor-widget-container\">\n\t\t\t\t\t<h6 class=\"elementor-heading-title elementor-size-default\">M\u00fc\u015fterilerimizin en sevdi\u011fi lezzetler burada<\/h6>\t\t\t\t<\/div>\n\t\t\t\t<\/div>\n\t\t\t\t<div class=\"elementor-element elementor-element-173c413 elementor-widget elementor-widget-image\" data-id=\"173c413\" data-element_type=\"widget\" data-e-type=\"widget\" data-widget_type=\"image.default\">\n\t\t\t\t<div class=\"elementor-widget-container\">\n\t\t\t\t\t\t\t\t\t\t\t\t\t\t\t<img decoding=\"async\" width=\"200\" height=\"35\" src=\"https:\/\/www.kebapcitalha.com.tr\/wp-content\/uploads\/2024\/01\/divider-free-img-1-3.png\" class=\"attachment-full size-full wp-image-1909\" alt=\"\" \/>\t\t\t\t\t\t\t\t\t\t\t\t\t\t\t<\/div>\n\t\t\t\t<\/div>\n\t\t\t\t<\/div>\n\t\t<div class=\"elementor-element elementor-element-eb100d9 e-con-full e-flex e-con e-child\" data-id=\"eb100d9\" data-element_type=\"container\" data-e-type=\"container\">\n\t\t\t\t<\/div>\n\t\t\t\t\t<\/div>\n\t\t\t\t<\/div>\n\t\t\t\t<\/div>\n\t\t\t\t\t<\/div>\n\t\t\t\t<\/div>\n\t\t<div class=\"elementor-element elementor-element-39ae929 e-flex e-con-boxed e-con e-parent\" data-id=\"39ae929\" data-element_type=\"container\" data-e-type=\"container\">\n\t\t\t\t\t<div class=\"e-con-inner\">\n\t\t\t\t<div class=\"elementor-element elementor-element-daf4b6c elementor-widget elementor-widget-eael-fancy-text\" data-id=\"daf4b6c\" data-element_type=\"widget\" data-e-type=\"widget\" data-widget_type=\"eael-fancy-text.default\">\n\t\t\t\t<div class=\"elementor-widget-container\">\n\t\t\t\t\t\n\t<div  class=\"eael-fancy-text-container style-1\" data-fancy-text-id=\"daf4b6c\" data-fancy-text=\"|\u00c7ORBALAR\" data-fancy-text-transition-type=\"typing\" data-fancy-text-speed=\"50\" data-fancy-text-delay=\"2500\" data-fancy-text-cursor=\"yes\" data-fancy-text-loop=\"yes\" data-fancy-text-action=\"page_load\" >\n\t\t\n\t\t\n\t\t\t\t\t<span id=\"eael-fancy-text-daf4b6c\" class=\"eael-fancy-text-strings solid-color\">\n\t\t\t\t<noscript>\n\t\t\t\t\t\u00c7ORBALAR\t\t\t\t<\/noscript>\n\t\t\t<\/span>\n\t\t\n\t\t\t<\/div><!-- close .eael-fancy-text-container -->\n\n\t<div class=\"clearfix\"><\/div>\n\n\t\t\t\t\t<\/div>\n\t\t\t\t<\/div>\n\t\t\t\t\t<\/div>\n\t\t\t\t<\/div>\n\t\t<div class=\"elementor-element elementor-element-76a33b1 e-flex e-con-boxed e-con e-parent\" data-id=\"76a33b1\" data-element_type=\"container\" data-e-type=\"container\" data-settings=\"{&quot;background_background&quot;:&quot;classic&quot;}\">\n\t\t\t\t\t<div class=\"e-con-inner\">\n\t\t<div class=\"elementor-element elementor-element-80afb32 e-con-full e-flex e-con e-child\" data-id=\"80afb32\" data-element_type=\"container\" data-e-type=\"container\">\n\t\t<div class=\"elementor-element elementor-element-1198d7c e-flex e-con-boxed e-con e-child\" data-id=\"1198d7c\" data-element_type=\"container\" data-e-type=\"container\">\n\t\t\t\t\t<div class=\"e-con-inner\">\n\t\t<div class=\"elementor-element elementor-element-6943e3f e-con-full e-flex e-con e-child\" data-id=\"6943e3f\" data-element_type=\"container\" data-e-type=\"container\">\n\t\t\t\t<div class=\"elementor-element elementor-element-c942cd6 elementor-widget elementor-widget-heading\" data-id=\"c942cd6\" data-element_type=\"widget\" data-e-type=\"widget\" data-widget_type=\"heading.default\">\n\t\t\t\t<div class=\"elementor-widget-container\">\n\t\t\t\t\t<h3 class=\"elementor-heading-title elementor-size-default\">Beyran<\/h3>\t\t\t\t<\/div>\n\t\t\t\t<\/div>\n\t\t\t\t<div class=\"elementor-element elementor-element-eb043fd elementor-widget elementor-widget-shortcode\" data-id=\"eb043fd\" data-element_type=\"widget\" data-e-type=\"widget\" data-widget_type=\"shortcode.default\">\n\t\t\t\t<div class=\"elementor-widget-container\">\n\t\t\t\t\t\t\t<div class=\"elementor-shortcode\"><span class='live-price' data-key='beyran' style='font-size:30px;color:#000000;font-weight:400;font-family:purple purse'>\u20ba-370<\/span><\/div>\n\t\t\t\t\t\t<\/div>\n\t\t\t\t<\/div>\n\t\t\t\t<div class=\"elementor-element elementor-element-8118ca3 elementor-widget elementor-widget-text-editor\" data-id=\"8118ca3\" data-element_type=\"widget\" data-e-type=\"widget\" data-widget_type=\"text-editor.default\">\n\t\t\t\t<div class=\"elementor-widget-container\">\n\t\t\t\t\t\t\t\t\t<p>Geleneksel T\u00fcrk Mutfa\u011f\u0131 Lezzetleri<\/p>\t\t\t\t\t\t\t\t<\/div>\n\t\t\t\t<\/div>\n\t\t\t\t<\/div>\n\t\t<div class=\"elementor-element elementor-element-73ed794 e-con-full e-flex e-con e-child\" data-id=\"73ed794\" data-element_type=\"container\" data-e-type=\"container\">\n\t\t\t\t<div class=\"elementor-element elementor-element-1d8a71d elementor-widget elementor-widget-image\" data-id=\"1d8a71d\" data-element_type=\"widget\" data-e-type=\"widget\" data-widget_type=\"image.default\">\n\t\t\t\t<div class=\"elementor-widget-container\">\n\t\t\t\t\t\t\t\t\t\t\t\t\t\t\t<img fetchpriority=\"high\" decoding=\"async\" width=\"504\" height=\"346\" src=\"https:\/\/www.kebapcitalha.com.tr\/wp-content\/uploads\/2024\/01\/Beyran2-1.png\" class=\"attachment-full size-full wp-image-1914\" alt=\"\" srcset=\"https:\/\/www.kebapcitalha.com.tr\/wp-content\/uploads\/2024\/01\/Beyran2-1.png 504w, https:\/\/www.kebapcitalha.com.tr\/wp-content\/uploads\/2024\/01\/Beyran2-1-300x206.png 300w\" sizes=\"(max-width: 504px) 100vw, 504px\" \/>\t\t\t\t\t\t\t\t\t\t\t\t\t\t\t<\/div>\n\t\t\t\t<\/div>\n\t\t\t\t<\/div>\n\t\t\t\t\t<\/div>\n\t\t\t\t<\/div>\n\t\t<div class=\"elementor-element elementor-element-a337bf9 e-flex e-con-boxed e-con e-child\" data-id=\"a337bf9\" data-element_type=\"container\" data-e-type=\"container\">\n\t\t\t\t\t<div class=\"e-con-inner\">\n\t\t<div class=\"elementor-element elementor-element-6c49d1a e-con-full e-flex e-con e-child\" data-id=\"6c49d1a\" data-element_type=\"container\" data-e-type=\"container\">\n\t\t\t\t<div class=\"elementor-element elementor-element-277d15d elementor-widget elementor-widget-heading\" data-id=\"277d15d\" data-element_type=\"widget\" data-e-type=\"widget\" data-widget_type=\"heading.default\">\n\t\t\t\t<div class=\"elementor-widget-container\">\n\t\t\t\t\t<h3 class=\"elementor-heading-title elementor-size-default\">Mercimek<\/h3>\t\t\t\t<\/div>\n\t\t\t\t<\/div>\n\t\t\t\t<div class=\"elementor-element elementor-element-a9ce185 elementor-widget elementor-widget-shortcode\" data-id=\"a9ce185\" data-element_type=\"widget\" data-e-type=\"widget\" data-widget_type=\"shortcode.default\">\n\t\t\t\t<div class=\"elementor-widget-container\">\n\t\t\t\t\t\t\t<div class=\"elementor-shortcode\"><span class='live-price' data-key='mercimek' style='font-size:30px;color:#000000;font-weight:400;font-family:purple purse'>\u20ba-200<\/span><\/div>\n\t\t\t\t\t\t<\/div>\n\t\t\t\t<\/div>\n\t\t\t\t<div class=\"elementor-element elementor-element-e37b7d0 elementor-widget elementor-widget-text-editor\" data-id=\"e37b7d0\" data-element_type=\"widget\" data-e-type=\"widget\" data-widget_type=\"text-editor.default\">\n\t\t\t\t<div class=\"elementor-widget-container\">\n\t\t\t\t\t\t\t\t\t<p>Geleneksel T\u00fcrk Mutfa\u011f\u0131 Lezzetleri<\/p>\t\t\t\t\t\t\t\t<\/div>\n\t\t\t\t<\/div>\n\t\t\t\t<\/div>\n\t\t<div class=\"elementor-element elementor-element-19c7d17 e-con-full e-flex e-con e-child\" data-id=\"19c7d17\" data-element_type=\"container\" data-e-type=\"container\">\n\t\t\t\t<div class=\"elementor-element elementor-element-96ca84d elementor-widget elementor-widget-image\" data-id=\"96ca84d\" data-element_type=\"widget\" data-e-type=\"widget\" data-widget_type=\"image.default\">\n\t\t\t\t<div class=\"elementor-widget-container\">\n\t\t\t\t\t\t\t\t\t\t\t\t\t\t\t<img decoding=\"async\" width=\"506\" height=\"342\" src=\"https:\/\/www.kebapcitalha.com.tr\/wp-content\/uploads\/2024\/01\/Mercimek4-1-1.png\" class=\"attachment-full size-full wp-image-1915\" alt=\"\" srcset=\"https:\/\/www.kebapcitalha.com.tr\/wp-content\/uploads\/2024\/01\/Mercimek4-1-1.png 506w, https:\/\/www.kebapcitalha.com.tr\/wp-content\/uploads\/2024\/01\/Mercimek4-1-1-300x203.png 300w\" sizes=\"(max-width: 506px) 100vw, 506px\" \/>\t\t\t\t\t\t\t\t\t\t\t\t\t\t\t<\/div>\n\t\t\t\t<\/div>\n\t\t\t\t<\/div>\n\t\t\t\t\t<\/div>\n\t\t\t\t<\/div>\n\t\t\t\t<\/div>\n\t\t<div class=\"elementor-element elementor-element-e087cfc e-con-full e-flex e-con e-child\" data-id=\"e087cfc\" data-element_type=\"container\" data-e-type=\"container\">\n\t\t<div class=\"elementor-element elementor-element-19e04f2 e-con-full e-flex e-con e-child\" data-id=\"19e04f2\" data-element_type=\"container\" data-e-type=\"container\">\n\t\t<div class=\"elementor-element elementor-element-e3cfd4d e-con-full e-flex e-con e-child\" data-id=\"e3cfd4d\" data-element_type=\"container\" data-e-type=\"container\">\n\t\t\t\t<div class=\"elementor-element elementor-element-7532af1 elementor-widget elementor-widget-heading\" data-id=\"7532af1\" data-element_type=\"widget\" data-e-type=\"widget\" data-widget_type=\"heading.default\">\n\t\t\t\t<div class=\"elementor-widget-container\">\n\t\t\t\t\t<h3 class=\"elementor-heading-title elementor-size-default\">Tavuk <\/h3>\t\t\t\t<\/div>\n\t\t\t\t<\/div>\n\t\t\t\t<div class=\"elementor-element elementor-element-84db8d1 elementor-widget elementor-widget-shortcode\" data-id=\"84db8d1\" data-element_type=\"widget\" data-e-type=\"widget\" data-widget_type=\"shortcode.default\">\n\t\t\t\t<div class=\"elementor-widget-container\">\n\t\t\t\t\t\t\t<div class=\"elementor-shortcode\"><span class='live-price' data-key='tavuk' style='font-size:30px;color:#000000;font-weight:400;font-family:purple purse'>\u20ba-200<\/span><\/div>\n\t\t\t\t\t\t<\/div>\n\t\t\t\t<\/div>\n\t\t\t\t<div class=\"elementor-element elementor-element-d3dca15 elementor-widget elementor-widget-text-editor\" data-id=\"d3dca15\" data-element_type=\"widget\" data-e-type=\"widget\" data-widget_type=\"text-editor.default\">\n\t\t\t\t<div class=\"elementor-widget-container\">\n\t\t\t\t\t\t\t\t\t<p>Geleneksel T\u00fcrk Mutfa\u011f\u0131 Lezzetleri<\/p>\t\t\t\t\t\t\t\t<\/div>\n\t\t\t\t<\/div>\n\t\t\t\t<\/div>\n\t\t<div class=\"elementor-element elementor-element-4606f73 e-con-full e-flex e-con e-child\" data-id=\"4606f73\" data-element_type=\"container\" data-e-type=\"container\">\n\t\t\t\t<div class=\"elementor-element elementor-element-41262fa elementor-widget elementor-widget-image\" data-id=\"41262fa\" data-element_type=\"widget\" data-e-type=\"widget\" data-widget_type=\"image.default\">\n\t\t\t\t<div class=\"elementor-widget-container\">\n\t\t\t\t\t\t\t\t\t\t\t\t\t\t\t<img loading=\"lazy\" decoding=\"async\" width=\"502\" height=\"341\" src=\"https:\/\/www.kebapcitalha.com.tr\/wp-content\/uploads\/2024\/01\/Tavuk2-1.png\" class=\"attachment-full size-full wp-image-1916\" alt=\"\" srcset=\"https:\/\/www.kebapcitalha.com.tr\/wp-content\/uploads\/2024\/01\/Tavuk2-1.png 502w, https:\/\/www.kebapcitalha.com.tr\/wp-content\/uploads\/2024\/01\/Tavuk2-1-300x204.png 300w\" sizes=\"(max-width: 502px) 100vw, 502px\" \/>\t\t\t\t\t\t\t\t\t\t\t\t\t\t\t<\/div>\n\t\t\t\t<\/div>\n\t\t\t\t<\/div>\n\t\t\t\t<\/div>\n\t\t\t\t<\/div>\n\t\t\t\t\t<\/div>\n\t\t\t\t<\/div>\n\t\t\t\t<section class=\"elementor-section elementor-top-section elementor-element elementor-element-31428d09 elementor-section-boxed elementor-section-height-default elementor-section-height-default\" data-id=\"31428d09\" data-element_type=\"section\" data-e-type=\"section\" id=\"xs_cta_style_16\">\n\t\t\t\t\t\t<div class=\"elementor-container elementor-column-gap-default\">\n\t\t\t\t\t<div class=\"elementor-column elementor-col-100 elementor-top-column elementor-element elementor-element-87913d7\" data-id=\"87913d7\" data-element_type=\"column\" data-e-type=\"column\">\n\t\t\t<div class=\"elementor-widget-wrap elementor-element-populated\">\n\t\t\t\t\t\t<section class=\"elementor-section elementor-inner-section elementor-element elementor-element-5d6c8bc7 elementor-section-full_width elementor-section-height-default elementor-section-height-default\" data-id=\"5d6c8bc7\" data-element_type=\"section\" data-e-type=\"section\">\n\t\t\t\t\t\t<div class=\"elementor-container elementor-column-gap-default\">\n\t\t\t\t\t<div class=\"elementor-column elementor-col-50 elementor-inner-column elementor-element elementor-element-2981f9e7\" data-id=\"2981f9e7\" data-element_type=\"column\" data-e-type=\"column\">\n\t\t\t<div class=\"elementor-widget-wrap elementor-element-populated\">\n\t\t\t\t\t\t<div class=\"elementor-element elementor-element-6bacb402 elementor-widget elementor-widget-elementskit-heading\" data-id=\"6bacb402\" data-element_type=\"widget\" data-e-type=\"widget\" data-widget_type=\"elementskit-heading.default\">\n\t\t\t\t<div class=\"elementor-widget-container\">\n\t\t\t\t\t<div class=\"ekit-wid-con\" ><div class=\"ekit-heading elementskit-section-title-wraper text_left   ekit_heading_tablet-   ekit_heading_mobile-\"><h2 class=\"ekit-heading--title elementskit-section-title \">Ac\u0131kt\u0131n\u0131z  <span><span>m\u0131?<\/span><\/span><\/h2>\t\t\t\t<div class='ekit-heading__description'>\n\t\t\t\t\t<p>Antalya'n\u0131n en iyi restaurant\u0131 \"Kebap\u00e7\u0131 TALHA\" olarak; ister g\u00fcnd\u00fcz, ister gece olsun, her zaman a\u00e7\u0131k ve sizleri bekliyor olaca\u011f\u0131z!\u00a0<\/p>\n\t\t\t\t<\/div>\n\t\t\t<\/div><\/div>\t\t\t\t<\/div>\n\t\t\t\t<\/div>\n\t\t\t\t\t<\/div>\n\t\t<\/div>\n\t\t\t\t<div class=\"elementor-column elementor-col-50 elementor-inner-column elementor-element elementor-element-18f5327a\" data-id=\"18f5327a\" data-element_type=\"column\" data-e-type=\"column\">\n\t\t\t<div class=\"elementor-widget-wrap elementor-element-populated\">\n\t\t\t\t\t\t<div class=\"elementor-element elementor-element-b8f8e2b elementor-align-right elementor-align--mobilecenter elementor-widget elementor-widget-elementskit-button\" data-id=\"b8f8e2b\" data-element_type=\"widget\" data-e-type=\"widget\" data-widget_type=\"elementskit-button.default\">\n\t\t\t\t<div class=\"elementor-widget-container\">\n\t\t\t\t\t<div class=\"ekit-wid-con\" >\t\t<div class=\"ekit-btn-wraper\">\n\t\t\t\t\t\t\t<a href=\"tel:+905396812707\" class=\"elementskit-btn  whitespace--normal\" id=\"\">\n\t\t\t\t\tHemen Ara\t\t\t\t<\/a>\n\t\t\t\t\t<\/div>\n        <\/div>\t\t\t\t<\/div>\n\t\t\t\t<\/div>\n\t\t\t\t\t<\/div>\n\t\t<\/div>\n\t\t\t\t\t<\/div>\n\t\t<\/section>\n\t\t\t\t\t<\/div>\n\t\t<\/div>\n\t\t\t\t\t<\/div>\n\t\t<\/section>\n\t\t\t\t<\/div>\n\t\t","protected":false},"excerpt":{"rendered":"<p>Muhte\u015fem Lezzetler Men\u00fc T\u00fcm et \u00fcr\u00fcnlerimiz her biri kendi alan\u0131nda uzman ve profesyonel \u015feflerimiz taraf\u0131ndan \u00f6zenle i\u015flenerek servis edilmektedir.\u00a0 Yemeklerimize lezzet katan b\u00fct\u00fcn \u00fcr\u00fcnlerin mutlaka en y\u00fcksek kalitede ve do\u011fall\u0131kta olmas\u0131na dikkat ediyoruz. Bu y\u00fczden servis etti\u011fimiz men\u00fcler i\u00e7in her zaman en taze, en kaliteli ve en lezzetli \u00fcr\u00fcnlerle birlikte en iyi hammaddeleri titizlikle se\u00e7iyoruz. [&hellip;]<\/p>\n","protected":false},"author":1,"featured_media":0,"parent":0,"menu_order":4,"comment_status":"closed","ping_status":"closed","template":"","meta":{"_uag_custom_page_level_css":"","site-sidebar-layout":"no-sidebar","site-content-layout":"page-builder","ast-site-content-layout":"default","site-content-style":"default","site-sidebar-style":"default","ast-global-header-display":"","ast-banner-title-visibility":"","ast-main-header-display":"","ast-hfb-above-header-display":"","ast-hfb-below-header-display":"","ast-hfb-mobile-header-display":"","site-post-title":"disabled","ast-breadcrumbs-content":"","ast-featured-img":"disabled","footer-sml-layout":"","ast-disable-related-posts":"","theme-transparent-header-meta":"","adv-header-id-meta":"","stick-header-meta":"","header-above-stick-meta":"","header-main-stick-meta":"","header-below-stick-meta":"","astra-migrate-meta-layouts":"default","ast-page-background-enabled":"default","ast-page-background-meta":{"desktop":{"background-color":"","background-image":"","background-repeat":"repeat","background-position":"center center","background-size":"auto","background-attachment":"scroll","background-type":"","background-media":"","overlay-type":"","overlay-color":"","overlay-opacity":"","overlay-gradient":""},"tablet":{"background-color":"","background-image":"","background-repeat":"repeat","background-position":"center center","background-size":"auto","background-attachment":"scroll","background-type":"","background-media":"","overlay-type":"","overlay-color":"","overlay-opacity":"","overlay-gradient":""},"mobile":{"background-color":"","background-image":"","background-repeat":"repeat","background-position":"center center","background-size":"auto","background-attachment":"scroll","background-type":"","background-media":"","overlay-type":"","overlay-color":"","overlay-opacity":"","overlay-gradient":""}},"ast-content-background-meta":{"desktop":{"background-color":"var(--ast-global-color-5)","background-image":"","background-repeat":"repeat","background-position":"center center","background-size":"auto","background-attachment":"scroll","background-type":"","background-media":"","overlay-type":"","overlay-color":"","overlay-opacity":"","overlay-gradient":""},"tablet":{"background-color":"var(--ast-global-color-5)","background-image":"","background-repeat":"repeat","background-position":"center center","background-size":"auto","background-attachment":"scroll","background-type":"","background-media":"","overlay-type":"","overlay-color":"","overlay-opacity":"","overlay-gradient":""},"mobile":{"background-color":"var(--ast-global-color-5)","background-image":"","background-repeat":"repeat","background-position":"center center","background-size":"auto","background-attachment":"scroll","background-type":"","background-media":"","overlay-type":"","overlay-color":"","overlay-opacity":"","overlay-gradient":""}},"footnotes":""},"class_list":["post-570","page","type-page","status-publish","hentry"],"uagb_featured_image_src":{"full":false,"thumbnail":false,"medium":false,"medium_large":false,"large":false,"1536x1536":false,"2048x2048":false},"uagb_author_info":{"display_name":"admin","author_link":"https:\/\/www.kebapcitalha.com.tr\/index.php\/author\/admin\/"},"uagb_comment_info":0,"uagb_excerpt":"Muhte\u015fem Lezzetler Men\u00fc T\u00fcm et \u00fcr\u00fcnlerimiz her biri kendi alan\u0131nda uzman ve profesyonel \u015feflerimiz taraf\u0131ndan \u00f6zenle i\u015flenerek servis edilmektedir.\u00a0 Yemeklerimize lezzet katan b\u00fct\u00fcn \u00fcr\u00fcnlerin mutlaka en y\u00fcksek kalitede ve do\u011fall\u0131kta olmas\u0131na dikkat ediyoruz. Bu y\u00fczden servis etti\u011fimiz men\u00fcler i\u00e7in her zaman en taze, en kaliteli ve en lezzetli \u00fcr\u00fcnlerle birlikte en iyi hammaddeleri titizlikle se\u00e7iyoruz.&hellip;","_links":{"self":[{"href":"https:\/\/www.kebapcitalha.com.tr\/index.php\/wp-json\/wp\/v2\/pages\/570","targetHints":{"allow":["GET"]}}],"collection":[{"href":"https:\/\/www.kebapcitalha.com.tr\/index.php\/wp-json\/wp\/v2\/pages"}],"about":[{"href":"https:\/\/www.kebapcitalha.com.tr\/index.php\/wp-json\/wp\/v2\/types\/page"}],"author":[{"embeddable":true,"href":"https:\/\/www.kebapcitalha.com.tr\/index.php\/wp-json\/wp\/v2\/users\/1"}],"replies":[{"embeddable":true,"href":"https:\/\/www.kebapcitalha.com.tr\/index.php\/wp-json\/wp\/v2\/comments?post=570"}],"version-history":[{"count":73,"href":"https:\/\/www.kebapcitalha.com.tr\/index.php\/wp-json\/wp\/v2\/pages\/570\/revisions"}],"predecessor-version":[{"id":2555,"href":"https:\/\/www.kebapcitalha.com.tr\/index.php\/wp-json\/wp\/v2\/pages\/570\/revisions\/2555"}],"wp:attachment":[{"href":"https:\/\/www.kebapcitalha.com.tr\/index.php\/wp-json\/wp\/v2\/media?parent=570"}],"curies":[{"name":"wp","href":"https:\/\/api.w.org\/{rel}","templated":true}]}}